{"id":252,"date":"2021-03-23T00:38:49","date_gmt":"2021-03-22T21:38:49","guid":{"rendered":"http:\/\/www.sofulupen.com\/?page_id=252"},"modified":"2021-03-29T00:07:17","modified_gmt":"2021-03-28T21:07:17","slug":"hakkimizda","status":"publish","type":"page","link":"http:\/\/www.sofulupen.com\/index.php\/hakkimizda\/","title":{"rendered":"Hakk\u0131m\u0131zda"},"content":{"rendered":"<p>[vc_row][vc_column width=&#8221;1\/2&#8243;][vc_column_text]<\/p>\r\n<figure class=\"wp-block-pullquote\">\r\n<blockquote>\r\n<p>Sekt\u00f6rde 14 y\u0131ll\u0131k ge\u00e7mi\u015fi olan Zekeriya C\u0130NG\u00d6Z taraf\u0131ndan kurulmu\u015f olan Sofulu Pen, kendini yenileyerek g\u00fcn\u00fcm\u00fcze ba\u015far\u0131lar\u0131n\u0131 katlayarak gelmi\u015ftir. M\u00fc\u015fteri odakl\u0131 olan firmam\u0131z m\u00fc\u015fterilerimiz mutlu olursa ba\u015far\u0131l\u0131 say\u0131l\u0131r\u0131z. M\u00fc\u015fterilerimizin ihtiyac\u0131n\u0131 anlay\u0131p analiz ederek en k\u0131sa s\u00fcrede ve en uygun fiyat kalitesinde en iyi hizmet vermeye odaklam\u0131\u015f ve adam\u0131\u015f bulunmaktay\u0131z kendimizi<\/p>\r\n<\/blockquote>\r\n<\/figure>\r\n<p>\u00a0<\/p>\r\n\r\n<div class=\"wp-block-group is-layout-flow wp-block-group-is-layout-flow\">\r\n<div class=\"wp-block-group__inner-container\">\u00a0<\/div>\r\n<\/div>\r\n\r\n<p>&nbsp;<\/p>\r\n<p>[\/vc_column_text][\/vc_column][vc_column width=&#8221;1\/2&#8243;]<div class=\"vntd-image-gallery vntd-content-element \"><div id=\"vntd-gallery-299\" class=\"vntd-grid grid-items vntd-gallery-grid grid-cols-3 hover-effect-scale hover-icon\" data-cols=\"3\" data-data-cols-tablet=\"3\" data-data-cols-mobile=\"1\" data-item-gap=\"5\"><div class=\"item grid-item cbp-item vntd-gallery-item mp-gallery\"><a href=\"http:\/\/www.sofulupen.com\/wp-content\/uploads\/2021\/03\/IMG_0873-scaled.jpg\" title=\"Sofulu-pen-adana-cam-balkon-pimapen\"><div class=\"gallery-item-overlay\"><i class=\"vntd-gallery-zoom-icon engage-icon-icon engage-icon-zoom-2\"><\/i><\/div><img loading=\"lazy\" decoding=\"async\" width=\"600\" height=\"420\" src=\"http:\/\/www.sofulupen.com\/wp-content\/uploads\/2021\/03\/IMG_0873-600x420.jpg\" class=\"attachment-engage-masonry-regular\" alt=\"Sofulu-pen-adana-cam-balkon-pimapen\" \/><\/a><\/div><\/div><\/div>[\/vc_column][\/vc_row]<\/p>","protected":false},"excerpt":{"rendered":"<p>[vc_row][vc_column width=&#8221;1\/2&#8243;][vc_column_text] Sekt\u00f6rde 14 y\u0131ll\u0131k ge\u00e7mi\u015fi olan Zekeriya C\u0130NG\u00d6Z taraf\u0131ndan kurulmu\u015f olan Sofulu Pen, kendini yenileyerek g\u00fcn\u00fcm\u00fcze ba\u015far\u0131lar\u0131n\u0131 katlayarak gelmi\u015ftir. M\u00fc\u015fteri odakl\u0131 olan firmam\u0131z m\u00fc\u015fterilerimiz mutlu olursa ba\u015far\u0131l\u0131 say\u0131l\u0131r\u0131z. M\u00fc\u015fterilerimizin ihtiyac\u0131n\u0131 anlay\u0131p analiz ederek en k\u0131sa s\u00fcrede ve en uygun fiyat kalitesinde en iyi hizmet vermeye odaklam\u0131\u015f ve adam\u0131\u015f bulunmaktay\u0131z [&hellip;]<\/p>\n","protected":false},"author":1,"featured_media":0,"parent":0,"menu_order":0,"comment_status":"closed","ping_status":"closed","template":"","meta":{"footnotes":""},"class_list":["post-252","page","type-page","status-publish","hentry"],"_links":{"self":[{"href":"http:\/\/www.sofulupen.com\/index.php\/wp-json\/wp\/v2\/pages\/252","targetHints":{"allow":["GET"]}}],"collection":[{"href":"http:\/\/www.sofulupen.com\/index.php\/wp-json\/wp\/v2\/pages"}],"about":[{"href":"http:\/\/www.sofulupen.com\/index.php\/wp-json\/wp\/v2\/types\/page"}],"author":[{"embeddable":true,"href":"http:\/\/www.sofulupen.com\/index.php\/wp-json\/wp\/v2\/users\/1"}],"replies":[{"embeddable":true,"href":"http:\/\/www.sofulupen.com\/index.php\/wp-json\/wp\/v2\/comments?post=252"}],"version-history":[{"count":12,"href":"http:\/\/www.sofulupen.com\/index.php\/wp-json\/wp\/v2\/pages\/252\/revisions"}],"predecessor-version":[{"id":359,"href":"http:\/\/www.sofulupen.com\/index.php\/wp-json\/wp\/v2\/pages\/252\/revisions\/359"}],"wp:attachment":[{"href":"http:\/\/www.sofulupen.com\/index.php\/wp-json\/wp\/v2\/media?parent=252"}],"curies":[{"name":"wp","href":"https:\/\/api.w.org\/{rel}","templated":true}]}}